{"id":1956,"date":"2024-12-02T14:41:17","date_gmt":"2024-12-02T14:41:17","guid":{"rendered":"https:\/\/domaine-equestre-du-somaret.com\/?page_id=1956"},"modified":"2024-12-02T16:10:38","modified_gmt":"2024-12-02T16:10:38","slug":"mentions-legales","status":"publish","type":"page","link":"https:\/\/domaine-equestre-du-somaret.com\/en\/mentions-legales\/","title":{"rendered":"Legal notice"},"content":{"rendered":"<div data-elementor-type=\"wp-page\" data-elementor-id=\"1956\" class=\"elementor elementor-1956\" data-elementor-post-type=\"page\">\n\t\t\t\t<div class=\"elementor-element elementor-element-5b36f8b e-con-full e-flex e-con e-parent\" data-id=\"5b36f8b\" data-element_type=\"container\" data-settings=\"{&quot;background_background&quot;:&quot;classic&quot;}\">\n\t\t<div class=\"elementor-element elementor-element-0ff006c e-con-full e-flex e-con e-child\" data-id=\"0ff006c\" data-element_type=\"container\">\n\t\t\t\t<div class=\"elementor-element elementor-element-168e1c8 elementor-invisible elementor-widget elementor-widget-heading\" data-id=\"168e1c8\" data-element_type=\"widget\" data-settings=\"{&quot;_animation&quot;:&quot;fadeIn&quot;,&quot;_animation_delay&quot;:100}\" data-widget_type=\"heading.default\">\n\t\t\t\t<div class=\"elementor-widget-container\">\n\t\t\t\t\t<h2 class=\"elementor-heading-title elementor-size-default\">mentions l\u00e9gales<\/h2>\t\t\t\t<\/div>\n\t\t\t\t<\/div>\n\t\t\t\t<\/div>\n\t\t\t\t<\/div>\n\t\t<div class=\"elementor-element elementor-element-6c1e5e6 e-flex e-con-boxed e-con e-parent\" data-id=\"6c1e5e6\" data-element_type=\"container\">\n\t\t\t\t\t<div class=\"e-con-inner\">\n\t\t<div class=\"elementor-element elementor-element-500d356 e-con-full e-flex e-con e-child\" data-id=\"500d356\" data-element_type=\"container\" data-settings=\"{&quot;animation&quot;:&quot;none&quot;,&quot;animation_delay&quot;:200}\">\n\t\t\t\t<div class=\"elementor-element elementor-element-bd89b50 elementor-widget elementor-widget-text-editor\" data-id=\"bd89b50\" data-element_type=\"widget\" data-widget_type=\"text-editor.default\">\n\t\t\t\t<div class=\"elementor-widget-container\">\n\t\t\t\t\t\t\t\t\t<p><strong>Derni\u00e8re mise \u00e0 jour : 2 d\u00e9cembre 2024<\/strong><\/p><p>Veuillez lire attentivement ces conditions g\u00e9n\u00e9rales avant d&rsquo;utiliser notre service<\/p>\t\t\t\t\t\t\t\t<\/div>\n\t\t\t\t<\/div>\n\t\t\t\t<div class=\"elementor-element elementor-element-c874044 elementor-widget elementor-widget-heading\" data-id=\"c874044\" data-element_type=\"widget\" data-widget_type=\"heading.default\">\n\t\t\t\t<div class=\"elementor-widget-container\">\n\t\t\t\t\t<h2 class=\"elementor-heading-title elementor-size-default\">Interpr\u00e9tation et D\u00e9finitions\n<\/h2>\t\t\t\t<\/div>\n\t\t\t\t<\/div>\n\t\t\t\t<div class=\"elementor-element elementor-element-1d5b58d elementor-widget elementor-widget-heading\" data-id=\"1d5b58d\" data-element_type=\"widget\" data-widget_type=\"heading.default\">\n\t\t\t\t<div class=\"elementor-widget-container\">\n\t\t\t\t\t<h2 class=\"elementor-heading-title elementor-size-default\">Interpr\u00e9tation\n<\/h2>\t\t\t\t<\/div>\n\t\t\t\t<\/div>\n\t\t\t\t<div class=\"elementor-element elementor-element-de6e3e1 elementor-widget elementor-widget-text-editor\" data-id=\"de6e3e1\" data-element_type=\"widget\" data-widget_type=\"text-editor.default\">\n\t\t\t\t<div class=\"elementor-widget-container\">\n\t\t\t\t\t\t\t\t\t<p>Les mots dont la premi\u00e8re lettre est en majuscule ont des significations d\u00e9finies dans les conditions suivantes. Ces d\u00e9finitions auront la m\u00eame signification, qu&rsquo;elles apparaissent au singulier ou au pluriel.<\/p>\t\t\t\t\t\t\t\t<\/div>\n\t\t\t\t<\/div>\n\t\t\t\t<div class=\"elementor-element elementor-element-6916015 elementor-widget elementor-widget-heading\" data-id=\"6916015\" data-element_type=\"widget\" data-widget_type=\"heading.default\">\n\t\t\t\t<div class=\"elementor-widget-container\">\n\t\t\t\t\t<h2 class=\"elementor-heading-title elementor-size-default\">D\u00e9finitions<\/h2>\t\t\t\t<\/div>\n\t\t\t\t<\/div>\n\t\t\t\t<div class=\"elementor-element elementor-element-572113c elementor-widget elementor-widget-text-editor\" data-id=\"572113c\" data-element_type=\"widget\" data-widget_type=\"text-editor.default\">\n\t\t\t\t<div class=\"elementor-widget-container\">\n\t\t\t\t\t\t\t\t\t<p>Pour les besoins des pr\u00e9sentes Conditions G\u00e9n\u00e9rales :<\/p><ul><li><p><strong>Affili\u00e9<\/strong> d\u00e9signe une entit\u00e9 qui contr\u00f4le, est contr\u00f4l\u00e9e par, ou est sous contr\u00f4le commun avec une partie, o\u00f9 \u00ab\u00a0contr\u00f4le\u00a0\u00bb signifie la d\u00e9tention de 50 % ou plus des actions, int\u00e9r\u00eats ou autres titres donnant droit de vote pour l&rsquo;\u00e9lection des administrateurs ou autres autorit\u00e9s de gestion.<\/p><\/li><li><p><strong>Pays<\/strong> fait r\u00e9f\u00e9rence \u00e0 : France.<\/p><\/li><li><p><strong>Entreprise<\/strong> (d\u00e9sign\u00e9e comme \u00ab\u00a0l&rsquo;Entreprise\u00a0\u00bb, \u00ab\u00a0Nous\u00a0\u00bb, \u00ab\u00a0Notre\u00a0\u00bb ou \u00ab\u00a0Nos\u00a0\u00bb dans cet Accord) fait r\u00e9f\u00e9rence \u00e0 Domaine \u00c9questre du Somaret, 2490 Chemin De Gouye Lieu Dit Gabouillon 07300 Saint Jean de Muzols.<\/p><\/li><li><p><strong>Appareil<\/strong> d\u00e9signe tout appareil pouvant acc\u00e9der au Service, tel qu&rsquo;un ordinateur, un t\u00e9l\u00e9phone portable ou une tablette num\u00e9rique.<\/p><\/li><li><p><strong>Service<\/strong> d\u00e9signe le site internet.<\/p><\/li><li><p><strong>Conditions G\u00e9n\u00e9rales<\/strong> (\u00e9galement d\u00e9sign\u00e9es sous le terme \u00ab\u00a0Conditions\u00a0\u00bb) d\u00e9signent les pr\u00e9sentes Conditions G\u00e9n\u00e9rales qui constituent l&rsquo;int\u00e9gralit\u00e9 de l&rsquo;accord entre Vous et l&rsquo;Entreprise concernant l&rsquo;utilisation du Service. Cet accord a \u00e9t\u00e9 cr\u00e9\u00e9 \u00e0 l&rsquo;aide du <a href=\"https:\/\/www.termsfeed.com\/terms-conditions-generator\/\" target=\"_new\" rel=\"noopener\">G\u00e9n\u00e9rateur de Conditions G\u00e9n\u00e9rales<\/a>.<\/p><\/li><li><p><strong>Service de r\u00e9seau social tiers<\/strong> d\u00e9signe tout service ou contenu (y compris donn\u00e9es, informations, produits ou services) fourni par un tiers pouvant \u00eatre affich\u00e9, inclus ou rendu disponible par le Service.<\/p><\/li><li><p><strong>Site Web<\/strong> fait r\u00e9f\u00e9rence au Domaine \u00c9questre du Somaret, accessible depuis <a href=\"https:\/\/domaine-equestre-du-somaret.com\/en\/\" target=\"_new\" rel=\"noopener\">https:\/\/domaine-equestre-du-somaret.com\/<\/a>.<\/p><\/li><li><p><strong>Vous<\/strong> d\u00e9signe la personne acc\u00e9dant ou utilisant le Service, ou la soci\u00e9t\u00e9 ou toute autre entit\u00e9 juridique au nom de laquelle cette personne acc\u00e8de ou utilise le Service, selon le cas.<\/p><\/li><\/ul>\t\t\t\t\t\t\t\t<\/div>\n\t\t\t\t<\/div>\n\t\t\t\t<div class=\"elementor-element elementor-element-1564385 elementor-widget elementor-widget-heading\" data-id=\"1564385\" data-element_type=\"widget\" data-widget_type=\"heading.default\">\n\t\t\t\t<div class=\"elementor-widget-container\">\n\t\t\t\t\t<h2 class=\"elementor-heading-title elementor-size-default\">Acceptation<\/h2>\t\t\t\t<\/div>\n\t\t\t\t<\/div>\n\t\t\t\t<div class=\"elementor-element elementor-element-f58e2cd elementor-widget elementor-widget-text-editor\" data-id=\"f58e2cd\" data-element_type=\"widget\" data-widget_type=\"text-editor.default\">\n\t\t\t\t<div class=\"elementor-widget-container\">\n\t\t\t\t\t\t\t\t\t<p>Ces Conditions G\u00e9n\u00e9rales r\u00e9gissent l&rsquo;utilisation de ce Service et constituent un accord entre Vous et l&rsquo;Entreprise. Ces Conditions \u00e9tablissent les droits et obligations de tous les utilisateurs concernant l&rsquo;utilisation du Service.<\/p><p>En acc\u00e9dant ou en utilisant le Service, Vous acceptez d&rsquo;\u00eatre li\u00e9 par ces Conditions. Si Vous n&rsquo;\u00eates pas d&rsquo;accord avec une partie des Conditions, Vous ne devez pas acc\u00e9der au Service.<\/p><p>Vous d\u00e9clarez \u00eatre \u00e2g\u00e9 de plus de 18 ans. L&rsquo;Entreprise ne permet pas aux personnes de moins de 18 ans d&rsquo;utiliser le Service.<\/p><p>Votre acc\u00e8s au Service est \u00e9galement conditionn\u00e9 par l&rsquo;acceptation et le respect de notre Politique de Confidentialit\u00e9. Notre Politique de Confidentialit\u00e9 d\u00e9crit Nos pratiques concernant la collecte, l&rsquo;utilisation et la divulgation de Vos informations personnelles lorsque Vous utilisez le Service. Veuillez lire attentivement notre Politique de Confidentialit\u00e9 avant d&rsquo;utiliser notre Service.<\/p>\t\t\t\t\t\t\t\t<\/div>\n\t\t\t\t<\/div>\n\t\t\t\t<div class=\"elementor-element elementor-element-c9cec8e elementor-widget elementor-widget-heading\" data-id=\"c9cec8e\" data-element_type=\"widget\" data-widget_type=\"heading.default\">\n\t\t\t\t<div class=\"elementor-widget-container\">\n\t\t\t\t\t<h2 class=\"elementor-heading-title elementor-size-default\">Liens vers d'autres sites\n<\/h2>\t\t\t\t<\/div>\n\t\t\t\t<\/div>\n\t\t\t\t<div class=\"elementor-element elementor-element-01fd927 elementor-widget elementor-widget-text-editor\" data-id=\"01fd927\" data-element_type=\"widget\" data-widget_type=\"text-editor.default\">\n\t\t\t\t<div class=\"elementor-widget-container\">\n\t\t\t\t\t\t\t\t\t<p>Notre Service peut contenir des liens vers des sites tiers qui ne sont pas d\u00e9tenus ou contr\u00f4l\u00e9s par l&rsquo;Entreprise.<\/p><p>L&rsquo;Entreprise d\u00e9cline toute responsabilit\u00e9 quant au contenu, aux politiques de confidentialit\u00e9 ou aux pratiques de ces sites ou services tiers. Vous reconnaissez et acceptez que l&rsquo;Entreprise ne soit pas responsable, directement ou indirectement, de tout dommage ou perte caus\u00e9(e) par ou li\u00e9(e) \u00e0 l&rsquo;utilisation de ces contenus, produits ou services disponibles sur ces sites tiers.<\/p><p>Nous Vous conseillons vivement de lire les conditions g\u00e9n\u00e9rales et politiques de confidentialit\u00e9 des sites tiers que Vous visitez.<\/p>\t\t\t\t\t\t\t\t<\/div>\n\t\t\t\t<\/div>\n\t\t\t\t<div class=\"elementor-element elementor-element-2fd543c elementor-widget elementor-widget-heading\" data-id=\"2fd543c\" data-element_type=\"widget\" data-widget_type=\"heading.default\">\n\t\t\t\t<div class=\"elementor-widget-container\">\n\t\t\t\t\t<h2 class=\"elementor-heading-title elementor-size-default\">R\u00e9siliation<\/h2>\t\t\t\t<\/div>\n\t\t\t\t<\/div>\n\t\t\t\t<div class=\"elementor-element elementor-element-ada4d10 elementor-widget elementor-widget-text-editor\" data-id=\"ada4d10\" data-element_type=\"widget\" data-widget_type=\"text-editor.default\">\n\t\t\t\t<div class=\"elementor-widget-container\">\n\t\t\t\t\t\t\t\t\t<p>Nous pouvons suspendre ou r\u00e9silier Votre acc\u00e8s imm\u00e9diatement, sans pr\u00e9avis ni responsabilit\u00e9, pour quelque raison que ce soit, notamment en cas de violation des pr\u00e9sentes Conditions.<\/p><p>En cas de r\u00e9siliation, Votre droit d&rsquo;utiliser le Service cessera imm\u00e9diatement.<\/p>\t\t\t\t\t\t\t\t<\/div>\n\t\t\t\t<\/div>\n\t\t\t\t<div class=\"elementor-element elementor-element-6279d5c elementor-widget elementor-widget-heading\" data-id=\"6279d5c\" data-element_type=\"widget\" data-widget_type=\"heading.default\">\n\t\t\t\t<div class=\"elementor-widget-container\">\n\t\t\t\t\t<h2 class=\"elementor-heading-title elementor-size-default\">Limitation de responsabilit\u00e9\n<\/h2>\t\t\t\t<\/div>\n\t\t\t\t<\/div>\n\t\t\t\t<div class=\"elementor-element elementor-element-f408447 elementor-widget elementor-widget-text-editor\" data-id=\"f408447\" data-element_type=\"widget\" data-widget_type=\"text-editor.default\">\n\t\t\t\t<div class=\"elementor-widget-container\">\n\t\t\t\t\t\t\t\t\t<p>Dans toute la mesure permise par la loi, l&rsquo;Entreprise et ses fournisseurs ne sauraient \u00eatre tenus responsables des dommages sp\u00e9ciaux, indirects, cons\u00e9cutifs ou accessoires, m\u00eame si ceux-ci r\u00e9sultent de l&rsquo;utilisation ou de l&rsquo;incapacit\u00e9 \u00e0 utiliser le Service.<\/p><p>Certaines juridictions n&rsquo;autorisent pas l&rsquo;exclusion ou la limitation de responsabilit\u00e9 pour les dommages indirects. Dans ces cas, notre responsabilit\u00e9 sera limit\u00e9e dans les limites permises par la loi.<\/p>\t\t\t\t\t\t\t\t<\/div>\n\t\t\t\t<\/div>\n\t\t\t\t<div class=\"elementor-element elementor-element-6c645ff elementor-widget elementor-widget-heading\" data-id=\"6c645ff\" data-element_type=\"widget\" data-widget_type=\"heading.default\">\n\t\t\t\t<div class=\"elementor-widget-container\">\n\t\t\t\t\t<h2 class=\"elementor-heading-title elementor-size-default\">Loi applicable\n<\/h2>\t\t\t\t<\/div>\n\t\t\t\t<\/div>\n\t\t\t\t<div class=\"elementor-element elementor-element-667e55f elementor-widget elementor-widget-text-editor\" data-id=\"667e55f\" data-element_type=\"widget\" data-widget_type=\"text-editor.default\">\n\t\t\t\t<div class=\"elementor-widget-container\">\n\t\t\t\t\t\t\t\t\t<p>Ces Conditions sont r\u00e9gies par les lois de la France, sans tenir compte des conflits de lois.<\/p>\t\t\t\t\t\t\t\t<\/div>\n\t\t\t\t<\/div>\n\t\t\t\t<div class=\"elementor-element elementor-element-c305859 elementor-widget elementor-widget-heading\" data-id=\"c305859\" data-element_type=\"widget\" data-widget_type=\"heading.default\">\n\t\t\t\t<div class=\"elementor-widget-container\">\n\t\t\t\t\t<h2 class=\"elementor-heading-title elementor-size-default\">Modifications des Conditions G\u00e9n\u00e9rales\n<\/h2>\t\t\t\t<\/div>\n\t\t\t\t<\/div>\n\t\t\t\t<div class=\"elementor-element elementor-element-80aa024 elementor-widget elementor-widget-text-editor\" data-id=\"80aa024\" data-element_type=\"widget\" data-widget_type=\"text-editor.default\">\n\t\t\t\t<div class=\"elementor-widget-container\">\n\t\t\t\t\t\t\t\t\t<p>Nous nous r\u00e9servons le droit de modifier ou de remplacer ces Conditions \u00e0 tout moment. Si une r\u00e9vision est significative, Nous Vous informerons dans un d\u00e9lai raisonnable avant qu\u2019elle ne prenne effet.<\/p><p>En continuant d&rsquo;acc\u00e9der ou d&rsquo;utiliser notre Service apr\u00e8s l&rsquo;entr\u00e9e en vigueur des r\u00e9visions, Vous acceptez d&rsquo;\u00eatre li\u00e9 par les nouvelles Conditions.<\/p>\t\t\t\t\t\t\t\t<\/div>\n\t\t\t\t<\/div>\n\t\t\t\t<div class=\"elementor-element elementor-element-ad34f9c elementor-widget elementor-widget-heading\" data-id=\"ad34f9c\" data-element_type=\"widget\" data-widget_type=\"heading.default\">\n\t\t\t\t<div class=\"elementor-widget-container\">\n\t\t\t\t\t<h2 class=\"elementor-heading-title elementor-size-default\">Contact<\/h2>\t\t\t\t<\/div>\n\t\t\t\t<\/div>\n\t\t\t\t<div class=\"elementor-element elementor-element-ba95b41 elementor-widget elementor-widget-text-editor\" data-id=\"ba95b41\" data-element_type=\"widget\" data-widget_type=\"text-editor.default\">\n\t\t\t\t<div class=\"elementor-widget-container\">\n\t\t\t\t\t\t\t\t\t<p>Pour toute question relative \u00e0 ces Conditions, Vous pouvez nous contacter :<\/p><ul><li>Par e-mail : <a rel=\"noopener\">contact@domaine-equestre-du-somaret.com<\/a><\/li><li>Par t\u00e9l\u00e9phone : +33 6 72 65 84 00<\/li><li>Par courrier : Domaine \u00c9questre du Somaret, 2490 Chemin De Gouye, Lieu Dit Gabouillon, 07300 Saint Jean de Muzols<\/li><\/ul>\t\t\t\t\t\t\t\t<\/div>\n\t\t\t\t<\/div>\n\t\t\t\t<\/div>\n\t\t\t\t\t<\/div>\n\t\t\t\t<\/div>\n\t\t\t\t<\/div>","protected":false},"excerpt":{"rendered":"<p>mentions l\u00e9gales Derni\u00e8re mise \u00e0 jour : 2 d\u00e9cembre 2024 Veuillez lire attentivement ces conditions g\u00e9n\u00e9rales avant d&rsquo;utiliser notre service Interpr\u00e9tation et D\u00e9finitions Interpr\u00e9tation Les mots dont la premi\u00e8re lettre est en majuscule ont des significations d\u00e9finies dans les conditions suivantes. Ces d\u00e9finitions auront la m\u00eame signification, qu&rsquo;elles apparaissent au singulier ou au pluriel. D\u00e9finitions [&hellip;]<\/p>","protected":false},"author":4,"featured_media":0,"parent":0,"menu_order":0,"comment_status":"closed","ping_status":"closed","template":"elementor_header_footer","meta":{"_themeisle_gutenberg_block_has_review":false,"footnotes":""},"class_list":["post-1956","page","type-page","status-publish","hentry"],"_links":{"self":[{"href":"https:\/\/domaine-equestre-du-somaret.com\/en\/wp-json\/wp\/v2\/pages\/1956","targetHints":{"allow":["GET"]}}],"collection":[{"href":"https:\/\/domaine-equestre-du-somaret.com\/en\/wp-json\/wp\/v2\/pages"}],"about":[{"href":"https:\/\/domaine-equestre-du-somaret.com\/en\/wp-json\/wp\/v2\/types\/page"}],"author":[{"embeddable":true,"href":"https:\/\/domaine-equestre-du-somaret.com\/en\/wp-json\/wp\/v2\/users\/4"}],"replies":[{"embeddable":true,"href":"https:\/\/domaine-equestre-du-somaret.com\/en\/wp-json\/wp\/v2\/comments?post=1956"}],"version-history":[{"count":13,"href":"https:\/\/domaine-equestre-du-somaret.com\/en\/wp-json\/wp\/v2\/pages\/1956\/revisions"}],"predecessor-version":[{"id":1993,"href":"https:\/\/domaine-equestre-du-somaret.com\/en\/wp-json\/wp\/v2\/pages\/1956\/revisions\/1993"}],"wp:attachment":[{"href":"https:\/\/domaine-equestre-du-somaret.com\/en\/wp-json\/wp\/v2\/media?parent=1956"}],"curies":[{"name":"wp","href":"https:\/\/api.w.org\/{rel}","templated":true}]}}