{"id":3835,"date":"2025-02-19T17:47:35","date_gmt":"2025-02-19T17:47:35","guid":{"rendered":"https:\/\/domaine-equestre-du-somaret.com\/?page_id=3835"},"modified":"2026-03-04T13:58:09","modified_gmt":"2026-03-04T13:58:09","slug":"projet-2","status":"publish","type":"page","link":"https:\/\/domaine-equestre-du-somaret.com\/en\/projet-2\/","title":{"rendered":"Project"},"content":{"rendered":"<div data-elementor-type=\"wp-page\" data-elementor-id=\"3835\" class=\"elementor elementor-3835\" data-elementor-post-type=\"page\">\n\t\t\t\t<div class=\"elementor-element elementor-element-b5ae8d2 e-con-full e-flex e-con e-parent\" data-id=\"b5ae8d2\" data-element_type=\"container\" data-settings=\"{&quot;background_background&quot;:&quot;classic&quot;}\">\n\t\t<div class=\"elementor-element elementor-element-e85b1ad e-con-full e-flex e-con e-child\" data-id=\"e85b1ad\" data-element_type=\"container\" data-settings=\"{&quot;background_background&quot;:&quot;classic&quot;}\">\n\t\t\t\t<div class=\"elementor-element elementor-element-83d813b elementor-widget-mobile__width-inherit elementor-invisible elementor-widget elementor-widget-heading\" data-id=\"83d813b\" data-element_type=\"widget\" data-settings=\"{&quot;_animation&quot;:&quot;fadeIn&quot;,&quot;_animation_delay&quot;:100}\" data-widget_type=\"heading.default\">\n\t\t\t\t<div class=\"elementor-widget-container\">\n\t\t\t\t\t<h2 class=\"elementor-heading-title elementor-size-default\">My Project                      <\/h2>\t\t\t\t<\/div>\n\t\t\t\t<\/div>\n\t\t\t\t<\/div>\n\t\t\t\t<\/div>\n\t\t<div class=\"elementor-element elementor-element-7cfb290 e-flex e-con-boxed e-con e-parent\" data-id=\"7cfb290\" data-element_type=\"container\">\n\t\t\t\t\t<div class=\"e-con-inner\">\n\t\t<div class=\"elementor-element elementor-element-f5ee807 e-con-full e-flex e-con e-child\" data-id=\"f5ee807\" data-element_type=\"container\">\n\t\t\t\t<div class=\"elementor-element elementor-element-1a79403 elementor-widget elementor-widget-spacer\" data-id=\"1a79403\" data-element_type=\"widget\" data-widget_type=\"spacer.default\">\n\t\t\t\t<div class=\"elementor-widget-container\">\n\t\t\t\t\t\t\t<div class=\"elementor-spacer\">\n\t\t\t<div class=\"elementor-spacer-inner\"><\/div>\n\t\t<\/div>\n\t\t\t\t\t\t<\/div>\n\t\t\t\t<\/div>\n\t\t\t\t<\/div>\n\t\t\t\t<div class=\"elementor-element elementor-element-2ab1c9d elementor-widget elementor-widget-image\" data-id=\"2ab1c9d\" data-element_type=\"widget\" data-widget_type=\"image.default\">\n\t\t\t\t<div class=\"elementor-widget-container\">\n\t\t\t\t\t\t\t\t\t\t\t\t\t\t\t\t<a href=\"https:\/\/fr.ulule.com\/centre-de-soin-mediatise-par-les-chevaux\/\">\n\t\t\t\t\t\t\t<img fetchpriority=\"high\" decoding=\"async\" width=\"800\" height=\"200\" src=\"https:\/\/domaine-equestre-du-somaret.com\/wp-content\/uploads\/2025\/06\/Copie-de-Banniere-LinkedIn-Simple-Professionnelle-Photo-1-1024x256.png\" class=\"attachment-large size-large wp-image-5964\" alt=\"marjorie-carrichon-domaine-equestre-somaret-cagnotte-projet-tourisme\" srcset=\"https:\/\/domaine-equestre-du-somaret.com\/wp-content\/uploads\/2025\/06\/Copie-de-Banniere-LinkedIn-Simple-Professionnelle-Photo-1-1024x256.png 1024w, https:\/\/domaine-equestre-du-somaret.com\/wp-content\/uploads\/2025\/06\/Copie-de-Banniere-LinkedIn-Simple-Professionnelle-Photo-1-300x75.png 300w, https:\/\/domaine-equestre-du-somaret.com\/wp-content\/uploads\/2025\/06\/Copie-de-Banniere-LinkedIn-Simple-Professionnelle-Photo-1-768x192.png 768w, https:\/\/domaine-equestre-du-somaret.com\/wp-content\/uploads\/2025\/06\/Copie-de-Banniere-LinkedIn-Simple-Professionnelle-Photo-1-1536x384.png 1536w, https:\/\/domaine-equestre-du-somaret.com\/wp-content\/uploads\/2025\/06\/Copie-de-Banniere-LinkedIn-Simple-Professionnelle-Photo-1-18x5.png 18w, https:\/\/domaine-equestre-du-somaret.com\/wp-content\/uploads\/2025\/06\/Copie-de-Banniere-LinkedIn-Simple-Professionnelle-Photo-1.png 1584w\" sizes=\"(max-width: 800px) 100vw, 800px\" \/>\t\t\t\t\t\t\t\t<\/a>\n\t\t\t\t\t\t\t\t\t\t\t\t\t\t\t<\/div>\n\t\t\t\t<\/div>\n\t\t\t\t\t<\/div>\n\t\t\t\t<\/div>\n\t\t<div class=\"elementor-element elementor-element-3e83fac e-flex e-con-boxed e-con e-parent\" data-id=\"3e83fac\" data-element_type=\"container\">\n\t\t\t\t\t<div class=\"e-con-inner\">\n\t\t\t\t<div class=\"elementor-element elementor-element-a1b4a9b elementor-widget elementor-widget-text-editor\" data-id=\"a1b4a9b\" data-element_type=\"widget\" data-widget_type=\"text-editor.default\">\n\t\t\t\t<div class=\"elementor-widget-container\">\n\t\t\t\t\t\t\t\t\t<p><strong><em>Comment est n\u00e9 ce projet\u00a0?<\/em><\/strong><\/p><p>Depuis toujours, les chevaux occupent une place essentielle dans ma vie. Pr\u00e9sents d\u00e8s mon plus jeune \u00e2ge, ils m\u2019ont accompagn\u00e9 et ont fa\u00e7onn\u00e9 la personne que je suis aujourd\u2019hui. Ils font partie int\u00e9grante de mon identit\u00e9.<\/p><p>La vie m\u2019a ensuite men\u00e9e vers un lieu d\u2019exception, empreint de calme et de s\u00e9r\u00e9nit\u00e9. Mon mari et moi avons eu la chance de pouvoir acqu\u00e9rir ce domaine alors que nous n\u2019avions que 25 et 26 ans. \u00c0 l\u2019\u00e9poque, les \u00e9curies \u00e9taient abandonn\u00e9es depuis plusieurs d\u00e9cennies. Nous avons consacr\u00e9 quatre ann\u00e9es \u00e0 leur r\u00e9habilitation compl\u00e8te, anim\u00e9s par une profonde d\u00e9termination. Les premiers chevaux y ont \u00e9t\u00e9 accueillis en 2020, marquant le d\u00e9but d\u2019une nouvelle aventure.<\/p><p>Au fil des ann\u00e9es, le fait de vivre quotidiennement aux c\u00f4t\u00e9s des chevaux m\u2019a permis de prendre conscience que ce qui m\u2019animait profond\u00e9ment n\u2019\u00e9tait pas seulement l\u2019\u00e9quitation, mais avant tout le cheval lui-m\u00eame.<\/p><p>Parall\u00e8lement, j\u2019ai pris conscience que cette sensibilit\u00e9, cette empathie tr\u00e8s d\u00e9velopp\u00e9es pr\u00e9sente en moi depuis toujours, qui est en fait un v\u00e9ritable cadeau, m\u2019emm\u00e8ne irr\u00e9m\u00e9diablement \u00e0 faire attention \u00e0 l\u2019autre.<\/p><p>Par ailleurs, la sant\u00e9 mentale est aujourd\u2019hui un enjeu majeur de notre soci\u00e9t\u00e9. Il peut arriver \u00e0 chacun d\u2019entre nous, un jour ou l\u2019autre, de ne pas se sentir bien et d\u2019avoir besoin d\u2019un soutien et d\u2019un accompagnement pour se sentir mieux.<\/p><p>Face \u00e0 ce constat, une \u00e9vidence s\u2019est impos\u00e9e \u00e0 moi : je souhaite contribuer, \u00e0 mon \u00e9chelle, \u00e0 am\u00e9liorer le bien-\u00eatre des personnes, \u00e0 apporter de la joie, de l\u2019apaisement et du mieux-\u00eatre \u00e0 ceux qui en ressentent le besoin.<\/p><p>Je me suis alors interrog\u00e9e sur les ressources dont je disposais pour concr\u00e9tiser cette aspiration. Je connais les chevaux, je suis d\u00e9j\u00e0 gardienne de plusieurs d\u2019entre eux ; je suis propri\u00e9taire d\u2019une \u00e9curie dot\u00e9e de nombreuses installations encore sous-exploit\u00e9es ; j\u2019\u00e9volue dans un environnement naturel propice au calme et \u00e0 la s\u00e9r\u00e9nit\u00e9. Je suis \u00e9galement convaincue que la nature et les animaux jouent un r\u00f4le fondamental dans le bien-\u00eatre humain, et que les chevaux peuvent contribuer de multiples fa\u00e7ons \u00e0 am\u00e9liorer la sant\u00e9 physique, \u00e9motionnelle et mentale des humains.<\/p><p>C\u2019est ainsi qu\u2019est n\u00e9e l\u2019id\u00e9e d\u2019utiliser le cheval dans toutes ses dimensions afin d\u2019accompagner chaque individu qui le souhaite, avec ou sans handicap, enfant ou adulte, particulier ou professionnel, vers un mieux-\u00eatre. Cela prend forme \u00e0 travers une \u00e9cole d\u2019\u00e9quitation inclusive, par la pratique de l\u2019\u00e9quitation ou juste en passant un moment de complicit\u00e9 avec un cheval ; et \u00e0 travers un centre de soin, par la m\u00e9diation avec les \u00e9quid\u00e9s.<\/p><p>Notre domaine poss\u00e8de un potentiel consid\u00e9rable. Aujourd\u2019hui, il est temps d\u2019aller plus loin : pour les chevaux, pour moi, et pour vous.<\/p><p><strong><em>So what?<\/em><\/strong><\/p><p>Through this project, and with the help of horses, I want to offer a place where everyone can find their place: equestrians, non-equestrians; adults, children; people with or without pathologies; individuals or professionals. And I would like to provide all these people with the support they need; whether therapeutic, sporting, professional or personal, simply to feel better or improve their leadership.<\/p><p><strong>The activities offered:<\/strong><\/p><ul><li>Horse riding practice and learning the vision of \u201cHorse Man\u201d;<\/li><li>Visit to the educational stable for schoolchildren;<\/li><li>Inclusion: enabling people with disabilities to practice horse riding;<\/li><li>Equitherapy and hippotherapy: psychocorporeal therapeutic support for treatment;<\/li><li>Equicoaching: development of personal, professional and managerial skills;<\/li><\/ul><p>Thanks to all these activities, the horses at the Domaine Equestre du Somaret will be used to their full potential; they will have a varied activity and will meet different people. This way, there will be no monotony.<\/p><p>And since they will bring us so much, I want to return the favor by providing them with an environment that best meets their needs. The housing system that best meets the basic needs of horses and is best suited to the environment of the estate is the active stable.<\/p><p>To accommodate all these people, we need rooms. So we're going to build a reception hall and install a geodesic dome.<\/p>\t\t\t\t\t\t\t\t<\/div>\n\t\t\t\t<\/div>\n\t\t\t\t\t<\/div>\n\t\t\t\t<\/div>\n\t\t<div class=\"elementor-element elementor-element-79e45db e-flex e-con-boxed e-con e-parent\" data-id=\"79e45db\" data-element_type=\"container\">\n\t\t\t\t\t<div class=\"e-con-inner\">\n\t\t<div class=\"elementor-element elementor-element-ad5c7c9 e-con-full e-flex e-con e-child\" data-id=\"ad5c7c9\" data-element_type=\"container\" data-settings=\"{&quot;background_background&quot;:&quot;classic&quot;}\">\n\t\t\t\t<div class=\"elementor-element elementor-element-42d6ecf elementor-widget elementor-widget-heading\" data-id=\"42d6ecf\" data-element_type=\"widget\" data-widget_type=\"heading.default\">\n\t\t\t\t<div class=\"elementor-widget-container\">\n\t\t\t\t\t<h2 class=\"elementor-heading-title elementor-size-default\">For horses, the choice is active stables, because their good mental and physical health is largely due to the environment in which they live.<\/h2>\t\t\t\t<\/div>\n\t\t\t\t<\/div>\n\t\t\t\t<\/div>\n\t\t<div class=\"elementor-element elementor-element-f4bd83c e-con-full e-flex e-con e-child\" data-id=\"f4bd83c\" data-element_type=\"container\" data-settings=\"{&quot;background_background&quot;:&quot;classic&quot;}\">\n\t\t\t\t<div class=\"elementor-element elementor-element-9e67587 elementor-widget elementor-widget-button\" data-id=\"9e67587\" data-element_type=\"widget\" data-widget_type=\"button.default\">\n\t\t\t\t<div class=\"elementor-widget-container\">\n\t\t\t\t\t\t\t\t\t<div class=\"elementor-button-wrapper\">\n\t\t\t\t\t<a class=\"elementor-button elementor-button-link elementor-size-sm\" href=\"https:\/\/domaine-equestre-du-somaret.com\/en\/ecurie-active\/\">\n\t\t\t\t\t\t<span class=\"elementor-button-content-wrapper\">\n\t\t\t\t\t\t\t\t\t<span class=\"elementor-button-text\">ACTIVE STABLE<\/span>\n\t\t\t\t\t<\/span>\n\t\t\t\t\t<\/a>\n\t\t\t\t<\/div>\n\t\t\t\t\t\t\t\t<\/div>\n\t\t\t\t<\/div>\n\t\t\t\t<\/div>\n\t\t\t\t\t<\/div>\n\t\t\t\t<\/div>\n\t\t<div class=\"elementor-element elementor-element-f80af55 e-flex e-con-boxed e-con e-parent\" data-id=\"f80af55\" data-element_type=\"container\">\n\t\t\t\t\t<div class=\"e-con-inner\">\n\t\t<div class=\"elementor-element elementor-element-1954bca e-con-full e-flex e-con e-child\" data-id=\"1954bca\" data-element_type=\"container\" data-settings=\"{&quot;background_background&quot;:&quot;classic&quot;}\">\n\t\t\t\t<div class=\"elementor-element elementor-element-e90f4a1 elementor-widget elementor-widget-heading\" data-id=\"e90f4a1\" data-element_type=\"widget\" data-widget_type=\"heading.default\">\n\t\t\t\t<div class=\"elementor-widget-container\">\n\t\t\t\t\t<h2 class=\"elementor-heading-title elementor-size-default\">For humans, provide an even more comfortable and pleasant environment for them, thanks to the construction of a reception room and the installation of a geodesic dome.<\/h2>\t\t\t\t<\/div>\n\t\t\t\t<\/div>\n\t\t\t\t<\/div>\n\t\t<div class=\"elementor-element elementor-element-2c058db e-con-full e-flex e-con e-child\" data-id=\"2c058db\" data-element_type=\"container\" data-settings=\"{&quot;background_background&quot;:&quot;classic&quot;}\">\n\t\t\t\t<div class=\"elementor-element elementor-element-6ae8ad5 elementor-widget elementor-widget-button\" data-id=\"6ae8ad5\" data-element_type=\"widget\" data-widget_type=\"button.default\">\n\t\t\t\t<div class=\"elementor-widget-container\">\n\t\t\t\t\t\t\t\t\t<div class=\"elementor-button-wrapper\">\n\t\t\t\t\t<a class=\"elementor-button elementor-button-link elementor-size-sm\" href=\"\/en\/batiment-accueil-du-public\/\">\n\t\t\t\t\t\t<span class=\"elementor-button-content-wrapper\">\n\t\t\t\t\t\t\t\t\t<span class=\"elementor-button-text\">PUBLIC RECEPTION BUILDINGS<\/span>\n\t\t\t\t\t<\/span>\n\t\t\t\t\t<\/a>\n\t\t\t\t<\/div>\n\t\t\t\t\t\t\t\t<\/div>\n\t\t\t\t<\/div>\n\t\t\t\t<\/div>\n\t\t\t\t\t<\/div>\n\t\t\t\t<\/div>\n\t\t<div class=\"elementor-element elementor-element-3d27b78 e-flex e-con-boxed e-con e-parent\" data-id=\"3d27b78\" data-element_type=\"container\">\n\t\t\t\t\t<div class=\"e-con-inner\">\n\t\t<div class=\"elementor-element elementor-element-f5d6d53 e-con-full e-flex e-con e-child\" data-id=\"f5d6d53\" data-element_type=\"container\" data-settings=\"{&quot;background_background&quot;:&quot;classic&quot;}\">\n\t\t\t\t<div class=\"elementor-element elementor-element-fe3d986 elementor-widget elementor-widget-heading\" data-id=\"fe3d986\" data-element_type=\"widget\" data-widget_type=\"heading.default\">\n\t\t\t\t<div class=\"elementor-widget-container\">\n\t\t\t\t\t<h2 class=\"elementor-heading-title elementor-size-default\">Opening up to others by welcoming more and more people to the Domaine Equestre du Somaret; introducing them to our philosophy and sharing our knowledge.<\/h2>\t\t\t\t<\/div>\n\t\t\t\t<\/div>\n\t\t\t\t<\/div>\n\t\t<div class=\"elementor-element elementor-element-f3bdbff e-con-full e-flex e-con e-child\" data-id=\"f3bdbff\" data-element_type=\"container\" data-settings=\"{&quot;background_background&quot;:&quot;classic&quot;}\">\n\t\t\t\t<div class=\"elementor-element elementor-element-8368a71 elementor-align-left elementor-widget elementor-widget-button\" data-id=\"8368a71\" data-element_type=\"widget\" data-widget_type=\"button.default\">\n\t\t\t\t<div class=\"elementor-widget-container\">\n\t\t\t\t\t\t\t\t\t<div class=\"elementor-button-wrapper\">\n\t\t\t\t\t<a class=\"elementor-button elementor-button-link elementor-size-sm\" href=\"\/en\/les-activites\/\">\n\t\t\t\t\t\t<span class=\"elementor-button-content-wrapper\">\n\t\t\t\t\t\t\t\t\t<span class=\"elementor-button-text\">ACTIVITIES<\/span>\n\t\t\t\t\t<\/span>\n\t\t\t\t\t<\/a>\n\t\t\t\t<\/div>\n\t\t\t\t\t\t\t\t<\/div>\n\t\t\t\t<\/div>\n\t\t\t\t<\/div>\n\t\t\t\t\t<\/div>\n\t\t\t\t<\/div>\n\t\t<div class=\"elementor-element elementor-element-d277337 e-flex e-con-boxed e-con e-parent\" data-id=\"d277337\" data-element_type=\"container\">\n\t\t\t\t\t<div class=\"e-con-inner\">\n\t\t\t\t<div class=\"elementor-element elementor-element-6ee98aa elementor-widget elementor-widget-text-editor\" data-id=\"6ee98aa\" data-element_type=\"widget\" data-widget_type=\"text-editor.default\">\n\t\t\t\t<div class=\"elementor-widget-container\">\n\t\t\t\t\t\t\t\t\t<p>Le domaine \u00e9questre du Somaret se voudra novateur dans ce qu\u2019il propose aux chevaux et aux humains. Novateur pour les chevaux avec la cr\u00e9ation de l\u2019\u00e9curie active&nbsp;; novateur pour les humains avec l&rsquo;accompagnement par la m\u00e9diation avec l&rsquo;\u00e9quid\u00e9.<\/p>\n<p>Au-del\u00e0 de cela, je veux proposer une philosophie de vie diff\u00e9rente de ce que nous connaissons, en sensibilisant les enfants et les adultes aux bienfaits du contact avec la nature et avec les animaux, ainsi qu&rsquo;aux bienfaits d\u2019une meilleure conscience de soi.<\/p>\n<p>Je veux montrer que c\u2019est possible, que ce n\u2019est pas une utopie, que l\u2019on peut r\u00e9ellement vivre ensemble, avec toutes les sp\u00e9cificit\u00e9s qui caract\u00e9risent chacun de nous.&nbsp;<\/p>\n<p>Voil\u00e0, on a un projet vertueux et \u00e9thique. Et maintenant, on a besoin de vous pour que tout \u00e7a soit possible ; que l\u2019on puisse ouvrir ce lieu qui va permettre \u00e0 beaucoup de personnes, d&rsquo;horizons tr\u00e8s diff\u00e9rents, de se sentir mieux.&nbsp;&nbsp;<\/p>\n<p>Thank you for your support.<\/p>\t\t\t\t\t\t\t\t<\/div>\n\t\t\t\t<\/div>\n\t\t\t\t\t<\/div>\n\t\t\t\t<\/div>\n\t\t\t\t<\/div>","protected":false},"excerpt":{"rendered":"<p>Mon Projet Comment est n\u00e9 ce projet\u00a0? Depuis toujours, les chevaux occupent une place essentielle dans ma vie. Pr\u00e9sents d\u00e8s mon plus jeune \u00e2ge, ils m\u2019ont accompagn\u00e9 et ont fa\u00e7onn\u00e9 la personne que je suis aujourd\u2019hui. Ils font partie int\u00e9grante de mon identit\u00e9. La vie m\u2019a ensuite men\u00e9e vers un lieu d\u2019exception, empreint de calme [&hellip;]<\/p>","protected":false},"author":4,"featured_media":0,"parent":0,"menu_order":0,"comment_status":"closed","ping_status":"closed","template":"elementor_header_footer","meta":{"_themeisle_gutenberg_block_has_review":false,"footnotes":""},"class_list":["post-3835","page","type-page","status-publish","hentry"],"_links":{"self":[{"href":"https:\/\/domaine-equestre-du-somaret.com\/en\/wp-json\/wp\/v2\/pages\/3835","targetHints":{"allow":["GET"]}}],"collection":[{"href":"https:\/\/domaine-equestre-du-somaret.com\/en\/wp-json\/wp\/v2\/pages"}],"about":[{"href":"https:\/\/domaine-equestre-du-somaret.com\/en\/wp-json\/wp\/v2\/types\/page"}],"author":[{"embeddable":true,"href":"https:\/\/domaine-equestre-du-somaret.com\/en\/wp-json\/wp\/v2\/users\/4"}],"replies":[{"embeddable":true,"href":"https:\/\/domaine-equestre-du-somaret.com\/en\/wp-json\/wp\/v2\/comments?post=3835"}],"version-history":[{"count":159,"href":"https:\/\/domaine-equestre-du-somaret.com\/en\/wp-json\/wp\/v2\/pages\/3835\/revisions"}],"predecessor-version":[{"id":6151,"href":"https:\/\/domaine-equestre-du-somaret.com\/en\/wp-json\/wp\/v2\/pages\/3835\/revisions\/6151"}],"wp:attachment":[{"href":"https:\/\/domaine-equestre-du-somaret.com\/en\/wp-json\/wp\/v2\/media?parent=3835"}],"curies":[{"name":"wp","href":"https:\/\/api.w.org\/{rel}","templated":true}]}}