{"id":403,"date":"2024-11-26T15:44:02","date_gmt":"2024-11-26T15:44:02","guid":{"rendered":"https:\/\/domaine-equestre-du-somaret.com\/?page_id=403"},"modified":"2025-05-15T20:08:40","modified_gmt":"2025-05-15T20:08:40","slug":"lhumain","status":"publish","type":"page","link":"https:\/\/domaine-equestre-du-somaret.com\/en\/lhumain\/","title":{"rendered":"The Human"},"content":{"rendered":"<div data-elementor-type=\"wp-page\" data-elementor-id=\"403\" class=\"elementor elementor-403\" data-elementor-post-type=\"page\">\n\t\t\t\t<div class=\"elementor-element elementor-element-ec92796 e-flex e-con-boxed e-con e-parent\" data-id=\"ec92796\" data-element_type=\"container\" data-settings=\"{&quot;background_background&quot;:&quot;classic&quot;}\">\n\t\t\t\t\t<div class=\"e-con-inner\">\n\t\t<div class=\"elementor-element elementor-element-f8f1a4b e-con-full e-flex e-con e-child\" data-id=\"f8f1a4b\" data-element_type=\"container\" data-settings=\"{&quot;background_background&quot;:&quot;classic&quot;}\">\n\t\t\t\t<div class=\"elementor-element elementor-element-6fb17ef elementor-widget-mobile__width-inherit elementor-invisible elementor-widget elementor-widget-heading\" data-id=\"6fb17ef\" data-element_type=\"widget\" data-settings=\"{&quot;_animation&quot;:&quot;fadeIn&quot;,&quot;_animation_delay&quot;:100}\" data-widget_type=\"heading.default\">\n\t\t\t\t<div class=\"elementor-widget-container\">\n\t\t\t\t\t<h2 class=\"elementor-heading-title elementor-size-default\">The human<\/h2>\t\t\t\t<\/div>\n\t\t\t\t<\/div>\n\t\t\t\t<\/div>\n\t\t\t\t\t<\/div>\n\t\t\t\t<\/div>\n\t\t<div class=\"elementor-element elementor-element-5c00dce e-flex e-con-boxed e-con e-parent\" data-id=\"5c00dce\" data-element_type=\"container\">\n\t\t\t\t\t<div class=\"e-con-inner\">\n\t\t<div class=\"elementor-element elementor-element-bc098a4 e-con-full e-flex e-con e-child\" data-id=\"bc098a4\" data-element_type=\"container\">\n\t\t\t\t<div class=\"elementor-element elementor-element-3ea28e7 elementor-widget elementor-widget-text-editor\" data-id=\"3ea28e7\" data-element_type=\"widget\" data-widget_type=\"text-editor.default\">\n\t\t\t\t<div class=\"elementor-widget-container\">\n\t\t\t\t\t\t\t\t\t<p>\"To have a horse follow someone who is 10 times smaller than him, that individual must possess tremendous charisma, unwavering self-confidence, and unshakable stability; in a word, they must be balanced.\"<\/p>\t\t\t\t\t\t\t\t<\/div>\n\t\t\t\t<\/div>\n\t\t\t\t<div class=\"elementor-element elementor-element-e59b227 elementor-widget elementor-widget-heading\" data-id=\"e59b227\" data-element_type=\"widget\" data-widget_type=\"heading.default\">\n\t\t\t\t<div class=\"elementor-widget-container\">\n\t\t\t\t\t<h2 class=\"elementor-heading-title elementor-size-default\">Environment \n\n\n<\/h2>\t\t\t\t<\/div>\n\t\t\t\t<\/div>\n\t\t\t\t<\/div>\n\t\t<div class=\"elementor-element elementor-element-2adda21 e-con-full e-flex e-con e-child\" data-id=\"2adda21\" data-element_type=\"container\">\n\t\t<div class=\"elementor-element elementor-element-77acc00 e-con-full e-flex e-con e-child\" data-id=\"77acc00\" data-element_type=\"container\" data-settings=\"{&quot;background_background&quot;:&quot;classic&quot;,&quot;animation&quot;:&quot;none&quot;}\">\n\t\t\t\t<div class=\"elementor-element elementor-element-df81c5c elementor-widget__width-inherit elementor--h-position-center elementor--v-position-middle elementor-widget elementor-widget-slides\" data-id=\"df81c5c\" data-element_type=\"widget\" data-settings=\"{&quot;navigation&quot;:&quot;none&quot;,&quot;_animation&quot;:&quot;none&quot;,&quot;autoplay&quot;:&quot;yes&quot;,&quot;pause_on_hover&quot;:&quot;yes&quot;,&quot;pause_on_interaction&quot;:&quot;yes&quot;,&quot;autoplay_speed&quot;:5000,&quot;infinite&quot;:&quot;yes&quot;,&quot;transition&quot;:&quot;slide&quot;,&quot;transition_speed&quot;:500}\" data-widget_type=\"slides.default\">\n\t\t\t\t<div class=\"elementor-widget-container\">\n\t\t\t\t\t\t\t<div class=\"elementor-swiper\">\n\t\t\t<div class=\"elementor-slides-wrapper elementor-main-swiper swiper\" dir=\"ltr\" data-animation=\"fadeInUp\">\n\t\t\t\t<div class=\"swiper-wrapper elementor-slides\">\n\t\t\t\t\t\t\t\t\t\t<div class=\"elementor-repeater-item-e1ef350 swiper-slide\"><div class=\"swiper-slide-bg\" role=\"img\"><\/div><div class=\"swiper-slide-inner\" ><div class=\"swiper-slide-contents\"><\/div><\/div><\/div><div class=\"elementor-repeater-item-d4d9d23 swiper-slide\"><div class=\"swiper-slide-bg\" role=\"img\"><\/div><div class=\"swiper-slide-inner\" ><div class=\"swiper-slide-contents\"><\/div><\/div><\/div><div class=\"elementor-repeater-item-229295e swiper-slide\"><div class=\"swiper-slide-bg\" role=\"img\"><\/div><div class=\"swiper-slide-inner\" ><div class=\"swiper-slide-contents\"><\/div><\/div><\/div><div class=\"elementor-repeater-item-be81049 swiper-slide\"><div class=\"swiper-slide-bg\" role=\"img\"><\/div><div class=\"swiper-slide-inner\" ><div class=\"swiper-slide-contents\"><\/div><\/div><\/div><div class=\"elementor-repeater-item-daf5dcd swiper-slide\"><div class=\"swiper-slide-bg\" role=\"img\"><\/div><div class=\"swiper-slide-inner\" ><div class=\"swiper-slide-contents\"><\/div><\/div><\/div>\t\t\t\t<\/div>\n\t\t\t\t\t\t\t\t\t\t\t\t\t\t\t\t\t\t\t\t\t<\/div>\n\t\t<\/div>\n\t\t\t\t\t\t<\/div>\n\t\t\t\t<\/div>\n\t\t\t\t<\/div>\n\t\t<div class=\"elementor-element elementor-element-d21332a e-con-full e-flex e-con e-child\" data-id=\"d21332a\" data-element_type=\"container\" data-settings=\"{&quot;animation&quot;:&quot;none&quot;,&quot;animation_delay&quot;:200}\">\n\t\t\t\t<div class=\"elementor-element elementor-element-4203756 elementor-widget elementor-widget-text-editor\" data-id=\"4203756\" data-element_type=\"widget\" data-widget_type=\"text-editor.default\">\n\t\t\t\t<div class=\"elementor-widget-container\">\n\t\t\t\t\t\t\t\t\t<p>At the Domaine Equestre du Somaret, we don't just accompany you in your horse's life; your well-being matters to us too.<\/p><p>In this pursuit of human well-being, we offer our clients access to the estate's swimming pool, accompanied by numerous loungers. All of this is set in a rejuvenating and calm environment, gently lulled by the song of birds or cicadas.<\/p><p>You will be part of a caring and respectful community, where sharing, mutual support, and empathy are at the heart of the relationships.<\/p><p>Just like your horse, you have the opportunity to benefit from holistic treatments such as shiatsu or kinesiology. All of this is aimed at achieving a strong mind and body, and ultimately, a balanced individual.<\/p><p><span style=\"color: var( --e-global-color-3ddd614 );\">We are convinced that having a better awareness of one's body leads to better horseback riding.<\/span><\/p><div><span style=\"color: var( --e-global-color-3ddd614 );\">\u00a0<\/span><\/div>\t\t\t\t\t\t\t\t<\/div>\n\t\t\t\t<\/div>\n\t\t\t\t<\/div>\n\t\t\t\t<\/div>\n\t\t\t\t\t<\/div>\n\t\t\t\t<\/div>\n\t\t<div class=\"elementor-element elementor-element-01b0655 e-flex e-con-boxed e-con e-parent\" data-id=\"01b0655\" data-element_type=\"container\" data-settings=\"{&quot;background_background&quot;:&quot;classic&quot;}\">\n\t\t\t\t\t<div class=\"e-con-inner\">\n\t\t<div class=\"elementor-element elementor-element-fc5a824 e-con-full e-flex e-con e-child\" data-id=\"fc5a824\" data-element_type=\"container\">\n\t\t\t\t<div class=\"elementor-element elementor-element-2a55dda elementor-widget elementor-widget-heading\" data-id=\"2a55dda\" data-element_type=\"widget\" data-widget_type=\"heading.default\">\n\t\t\t\t<div class=\"elementor-widget-container\">\n\t\t\t\t\t<h2 class=\"elementor-heading-title elementor-size-default\">Nos praticiens\n<\/h2>\t\t\t\t<\/div>\n\t\t\t\t<\/div>\n\t\t<div class=\"elementor-element elementor-element-ce78fc3 e-con-full e-flex e-con e-child\" data-id=\"ce78fc3\" data-element_type=\"container\">\n\t\t<div class=\"elementor-element elementor-element-fb81ee3 e-con-full e-flex elementor-invisible e-con e-child\" data-id=\"fb81ee3\" data-element_type=\"container\" data-settings=\"{&quot;background_background&quot;:&quot;classic&quot;,&quot;animation&quot;:&quot;fadeIn&quot;,&quot;animation_delay&quot;:50}\">\n\t\t\t\t<div class=\"elementor-element elementor-element-a522f32 elementor-widget elementor-widget-video\" data-id=\"a522f32\" data-element_type=\"widget\" data-settings=\"{&quot;youtube_url&quot;:&quot;https:\\\/\\\/youtu.be\\\/X2bM4pfWBFU?si=7onC_cBOYB6FOLjs&quot;,&quot;video_type&quot;:&quot;youtube&quot;,&quot;controls&quot;:&quot;yes&quot;}\" data-widget_type=\"video.default\">\n\t\t\t\t<div class=\"elementor-widget-container\">\n\t\t\t\t\t\t\t<div class=\"elementor-wrapper elementor-open-inline\">\n\t\t\t<div class=\"elementor-video\"><\/div>\t\t<\/div>\n\t\t\t\t\t\t<\/div>\n\t\t\t\t<\/div>\n\t\t\t\t<\/div>\n\t\t<div class=\"elementor-element elementor-element-ac8af3e e-con-full e-flex elementor-invisible e-con e-child\" data-id=\"ac8af3e\" data-element_type=\"container\" data-settings=\"{&quot;background_background&quot;:&quot;classic&quot;,&quot;animation&quot;:&quot;fadeIn&quot;,&quot;animation_delay&quot;:100}\">\n\t\t<div class=\"elementor-element elementor-element-45112e9 e-con-full speech-bubble e-flex e-con e-child\" data-id=\"45112e9\" data-element_type=\"container\">\n\t\t\t\t<div class=\"elementor-element elementor-element-76108f3 elementor-widget elementor-widget-text-editor\" data-id=\"76108f3\" data-element_type=\"widget\" data-widget_type=\"text-editor.default\">\n\t\t\t\t<div class=\"elementor-widget-container\">\n\t\t\t\t\t\t\t\t\t<p>In this video, I share how I turned my struggles \u2013 bullying, being laid off \u2013 into a true rebirth. Today, as a coach specializing in inner transformation, I support those who wish not only to reconnect with themselves but also to strengthen their bond with their horse through self-work.<\/p>\t\t\t\t\t\t\t\t<\/div>\n\t\t\t\t<\/div>\n\t\t\t\t<\/div>\n\t\t\t\t<div class=\"elementor-element elementor-element-a462eb2 elementor-widget elementor-widget-testimonial\" data-id=\"a462eb2\" data-element_type=\"widget\" data-widget_type=\"testimonial.default\">\n\t\t\t\t<div class=\"elementor-widget-container\">\n\t\t\t\t\t\t\t<div class=\"elementor-testimonial-wrapper\">\n\t\t\t\n\t\t\t\t\t\t<div class=\"elementor-testimonial-meta elementor-has-image elementor-testimonial-image-position-aside\">\n\t\t\t\t<div class=\"elementor-testimonial-meta-inner\">\n\t\t\t\t\t\t\t\t\t\t\t<div class=\"elementor-testimonial-image\">\n\t\t\t\t\t\t\t<img fetchpriority=\"high\" decoding=\"async\" width=\"800\" height=\"800\" src=\"https:\/\/domaine-equestre-du-somaret.com\/wp-content\/uploads\/2024\/11\/Stellie.webp\" class=\"attachment-full size-full wp-image-1671\" alt=\"Stellie\" srcset=\"https:\/\/domaine-equestre-du-somaret.com\/wp-content\/uploads\/2024\/11\/Stellie.webp 800w, https:\/\/domaine-equestre-du-somaret.com\/wp-content\/uploads\/2024\/11\/Stellie-300x300.webp 300w, https:\/\/domaine-equestre-du-somaret.com\/wp-content\/uploads\/2024\/11\/Stellie-150x150.webp 150w, https:\/\/domaine-equestre-du-somaret.com\/wp-content\/uploads\/2024\/11\/Stellie-768x768.webp 768w\" sizes=\"(max-width: 800px) 100vw, 800px\" \/>\t\t\t\t\t\t<\/div>\n\t\t\t\t\t\n\t\t\t\t\t\t\t\t\t\t<div class=\"elementor-testimonial-details\">\n\t\t\t\t\t\t\t\t\t\t\t\t\t\t<div class=\"elementor-testimonial-name\">Stellie <\/div>\n\t\t\t\t\t\t\t\t\t\t\t\t\t\t\t\t\t\t\t<\/div>\n\t\t\t\t\t\t\t\t\t<\/div>\n\t\t\t<\/div>\n\t\t\t\t\t<\/div>\n\t\t\t\t\t\t<\/div>\n\t\t\t\t<\/div>\n\t\t\t\t<\/div>\n\t\t\t\t<\/div>\n\t\t\t\t<\/div>\n\t\t\t\t\t<\/div>\n\t\t\t\t<\/div>\n\t\t\t\t<\/div>","protected":false},"excerpt":{"rendered":"<p>L&rsquo;humain \u00ab\u00a0Pour que le cheval suive quelqu\u2019un qui est 10 fois plus petit que lui, il faut que cet individu ait un sacr\u00e9 charisme, une confiance en lui certaine, une stabilit\u00e9 in\u00e9branlable ; en un mot, qu\u2019il soit \u00e9quilibr\u00e9.\u00a0\u00bb Environnement Au Domaine Equestre du Somaret nous ne nous contentons pas de vous accompagner dans la [&hellip;]<\/p>","protected":false},"author":4,"featured_media":0,"parent":0,"menu_order":0,"comment_status":"closed","ping_status":"closed","template":"elementor_header_footer","meta":{"_themeisle_gutenberg_block_has_review":false,"footnotes":""},"class_list":["post-403","page","type-page","status-publish","hentry"],"_links":{"self":[{"href":"https:\/\/domaine-equestre-du-somaret.com\/en\/wp-json\/wp\/v2\/pages\/403","targetHints":{"allow":["GET"]}}],"collection":[{"href":"https:\/\/domaine-equestre-du-somaret.com\/en\/wp-json\/wp\/v2\/pages"}],"about":[{"href":"https:\/\/domaine-equestre-du-somaret.com\/en\/wp-json\/wp\/v2\/types\/page"}],"author":[{"embeddable":true,"href":"https:\/\/domaine-equestre-du-somaret.com\/en\/wp-json\/wp\/v2\/users\/4"}],"replies":[{"embeddable":true,"href":"https:\/\/domaine-equestre-du-somaret.com\/en\/wp-json\/wp\/v2\/comments?post=403"}],"version-history":[{"count":302,"href":"https:\/\/domaine-equestre-du-somaret.com\/en\/wp-json\/wp\/v2\/pages\/403\/revisions"}],"predecessor-version":[{"id":5234,"href":"https:\/\/domaine-equestre-du-somaret.com\/en\/wp-json\/wp\/v2\/pages\/403\/revisions\/5234"}],"wp:attachment":[{"href":"https:\/\/domaine-equestre-du-somaret.com\/en\/wp-json\/wp\/v2\/media?parent=403"}],"curies":[{"name":"wp","href":"https:\/\/api.w.org\/{rel}","templated":true}]}}