{"id":4034,"date":"2025-02-20T15:21:39","date_gmt":"2025-02-20T15:21:39","guid":{"rendered":"https:\/\/domaine-equestre-du-somaret.com\/?page_id=4034"},"modified":"2025-05-15T20:30:02","modified_gmt":"2025-05-15T20:30:02","slug":"batiment-accueil-du-public","status":"publish","type":"page","link":"https:\/\/domaine-equestre-du-somaret.com\/en\/batiment-accueil-du-public\/","title":{"rendered":"Public Reception Building"},"content":{"rendered":"<div data-elementor-type=\"wp-page\" data-elementor-id=\"4034\" class=\"elementor elementor-4034\" data-elementor-post-type=\"page\">\n\t\t\t\t<div class=\"elementor-element elementor-element-90ab190 e-flex e-con-boxed e-con e-parent\" data-id=\"90ab190\" data-element_type=\"container\">\n\t\t\t\t\t<div class=\"e-con-inner\">\n\t\t<div class=\"elementor-element elementor-element-916cfec e-con-full e-flex e-con e-child\" data-id=\"916cfec\" data-element_type=\"container\" data-settings=\"{&quot;background_background&quot;:&quot;classic&quot;}\">\n\t\t\t\t<div class=\"elementor-element elementor-element-55d674a elementor-widget-mobile__width-inherit elementor-invisible elementor-widget elementor-widget-heading\" data-id=\"55d674a\" data-element_type=\"widget\" data-settings=\"{&quot;_animation&quot;:&quot;fadeIn&quot;,&quot;_animation_delay&quot;:100}\" data-widget_type=\"heading.default\">\n\t\t\t\t<div class=\"elementor-widget-container\">\n\t\t\t\t\t<h2 class=\"elementor-heading-title elementor-size-default\">PUBLIC RECEPTION BUILDING<\/h2>\t\t\t\t<\/div>\n\t\t\t\t<\/div>\n\t\t\t\t<\/div>\n\t\t\t\t\t<\/div>\n\t\t\t\t<\/div>\n\t\t<div class=\"elementor-element elementor-element-79e45db e-flex e-con-boxed e-con e-parent\" data-id=\"79e45db\" data-element_type=\"container\">\n\t\t\t\t\t<div class=\"e-con-inner\">\n\t\t<div class=\"elementor-element elementor-element-f4bd83c e-con-full e-flex e-con e-child\" data-id=\"f4bd83c\" data-element_type=\"container\" data-settings=\"{&quot;background_background&quot;:&quot;classic&quot;}\">\n\t\t\t\t<\/div>\n\t\t<div class=\"elementor-element elementor-element-ad5c7c9 e-con-full e-flex e-con e-child\" data-id=\"ad5c7c9\" data-element_type=\"container\" data-settings=\"{&quot;background_background&quot;:&quot;classic&quot;}\">\n\t\t\t\t<div class=\"elementor-element elementor-element-42d6ecf elementor-widget elementor-widget-heading\" data-id=\"42d6ecf\" data-element_type=\"widget\" data-widget_type=\"heading.default\">\n\t\t\t\t<div class=\"elementor-widget-container\">\n\t\t\t\t\t<h2 class=\"elementor-heading-title elementor-size-default\">Ideally located in the heart of the active stables, the reception area or clubhouse will feature a kitchenette, a small, comfortable lounge area, a disabled toilet, and a 40m\u00b2 shed.<\/h2>\t\t\t\t<\/div>\n\t\t\t\t<\/div>\n\t\t\t\t<\/div>\n\t\t\t\t\t<\/div>\n\t\t\t\t<\/div>\n\t\t<div class=\"elementor-element elementor-element-f80af55 e-flex e-con-boxed e-con e-parent\" data-id=\"f80af55\" data-element_type=\"container\">\n\t\t\t\t\t<div class=\"e-con-inner\">\n\t\t<div class=\"elementor-element elementor-element-2c058db e-con-full e-flex e-con e-child\" data-id=\"2c058db\" data-element_type=\"container\" data-settings=\"{&quot;background_background&quot;:&quot;classic&quot;}\">\n\t\t\t\t<\/div>\n\t\t<div class=\"elementor-element elementor-element-1954bca e-con-full e-flex e-con e-child\" data-id=\"1954bca\" data-element_type=\"container\" data-settings=\"{&quot;background_background&quot;:&quot;classic&quot;}\">\n\t\t\t\t<div class=\"elementor-element elementor-element-e90f4a1 elementor-widget elementor-widget-heading\" data-id=\"e90f4a1\" data-element_type=\"widget\" data-widget_type=\"heading.default\">\n\t\t\t\t<div class=\"elementor-widget-container\">\n\t\t\t\t\t<h2 class=\"elementor-heading-title elementor-size-default\">The geodesic dome is constructed from eco-friendly materials such as wood fiber panels for insulation. Its round shape with an open ceiling is highly conducive to the \"circulation of energy\" and inspires a sense of calm. This type of building is particularly suited to us; it perfectly reflects what we want to convey: softness, calm, and serenity.<\/h2>\t\t\t\t<\/div>\n\t\t\t\t<\/div>\n\t\t\t\t<\/div>\n\t\t\t\t\t<\/div>\n\t\t\t\t<\/div>\n\t\t\t\t<\/div>","protected":false},"excerpt":{"rendered":"<p>BATIMENT ACCUEIL DU PUBLIC Id\u00e9alement situ\u00e9e au c\u0153ur de l\u2019\u00e9curie active, la salle d\u2019accueil ou club house disposera d\u2019une kitchenette, d\u2019un petit coin salon confortable, de WC PMR, ainsi que d\u2019un appentis de 40m\u00b2. Le d\u00f4me g\u00e9od\u00e9sique est construit \u00e0 partir de mat\u00e9riaux \u00e9cologiques tels que les panneaux en fibre de bois pour l\u2019isolation. Sa [&hellip;]<\/p>","protected":false},"author":4,"featured_media":0,"parent":0,"menu_order":0,"comment_status":"closed","ping_status":"closed","template":"elementor_header_footer","meta":{"_themeisle_gutenberg_block_has_review":false,"footnotes":""},"class_list":["post-4034","page","type-page","status-publish","hentry"],"_links":{"self":[{"href":"https:\/\/domaine-equestre-du-somaret.com\/en\/wp-json\/wp\/v2\/pages\/4034","targetHints":{"allow":["GET"]}}],"collection":[{"href":"https:\/\/domaine-equestre-du-somaret.com\/en\/wp-json\/wp\/v2\/pages"}],"about":[{"href":"https:\/\/domaine-equestre-du-somaret.com\/en\/wp-json\/wp\/v2\/types\/page"}],"author":[{"embeddable":true,"href":"https:\/\/domaine-equestre-du-somaret.com\/en\/wp-json\/wp\/v2\/users\/4"}],"replies":[{"embeddable":true,"href":"https:\/\/domaine-equestre-du-somaret.com\/en\/wp-json\/wp\/v2\/comments?post=4034"}],"version-history":[{"count":26,"href":"https:\/\/domaine-equestre-du-somaret.com\/en\/wp-json\/wp\/v2\/pages\/4034\/revisions"}],"predecessor-version":[{"id":5265,"href":"https:\/\/domaine-equestre-du-somaret.com\/en\/wp-json\/wp\/v2\/pages\/4034\/revisions\/5265"}],"wp:attachment":[{"href":"https:\/\/domaine-equestre-du-somaret.com\/en\/wp-json\/wp\/v2\/media?parent=4034"}],"curies":[{"name":"wp","href":"https:\/\/api.w.org\/{rel}","templated":true}]}}