{"id":4055,"date":"2025-02-20T15:50:55","date_gmt":"2025-02-20T15:50:55","guid":{"rendered":"https:\/\/domaine-equestre-du-somaret.com\/?page_id=4055"},"modified":"2026-03-04T13:48:05","modified_gmt":"2026-03-04T13:48:05","slug":"les-activites","status":"publish","type":"page","link":"https:\/\/domaine-equestre-du-somaret.com\/en\/les-activites\/","title":{"rendered":"Activities"},"content":{"rendered":"<div data-elementor-type=\"wp-page\" data-elementor-id=\"4055\" class=\"elementor elementor-4055\" data-elementor-post-type=\"page\">\n\t\t\t\t<div class=\"elementor-element elementor-element-6d2c3e4 e-flex e-con-boxed e-con e-parent\" data-id=\"6d2c3e4\" data-element_type=\"container\">\n\t\t\t\t\t<div class=\"e-con-inner\">\n\t\t<div class=\"elementor-element elementor-element-3a72b5b e-con-full e-flex e-con e-child\" data-id=\"3a72b5b\" data-element_type=\"container\" data-settings=\"{&quot;background_background&quot;:&quot;classic&quot;}\">\n\t\t\t\t<div class=\"elementor-element elementor-element-784b1a5 elementor-widget-mobile__width-inherit elementor-invisible elementor-widget elementor-widget-heading\" data-id=\"784b1a5\" data-element_type=\"widget\" data-settings=\"{&quot;_animation&quot;:&quot;fadeIn&quot;,&quot;_animation_delay&quot;:100}\" data-widget_type=\"heading.default\">\n\t\t\t\t<div class=\"elementor-widget-container\">\n\t\t\t\t\t<h2 class=\"elementor-heading-title elementor-size-default\">Activities<\/h2>\t\t\t\t<\/div>\n\t\t\t\t<\/div>\n\t\t\t\t<\/div>\n\t\t\t\t\t<\/div>\n\t\t\t\t<\/div>\n\t\t<div class=\"elementor-element elementor-element-06a1776 e-flex e-con-boxed e-con e-parent\" data-id=\"06a1776\" data-element_type=\"container\">\n\t\t\t\t\t<div class=\"e-con-inner\">\n\t\t\t\t<div class=\"elementor-element elementor-element-a8e1eed elementor-widget elementor-widget-text-editor\" data-id=\"a8e1eed\" data-element_type=\"widget\" data-widget_type=\"text-editor.default\">\n\t\t\t\t<div class=\"elementor-widget-container\">\n\t\t\t\t\t\t\t\t\t<p>Whether through the practice of leisure or competitive horse riding, or through the practice of mediation with equines, the horse is integrated into many human life paths and gradually becomes a true support partner: a partner in care, reconstruction, health, well-being, fulfillment and accomplishment...<\/p><p>I want to use each of these qualities that horses possess to bring humans, whoever they are, towards a better state of well-being. Thus, the activities that we will offer will allow humans to:<\/p><ul><li><span style=\"color: #cdbdb7;\"><b>THE RIDING SCHOOL<\/b><\/span>: regular physical activity;<\/li><li><span style=\"color: #cdbdb7;\"><strong>MEDIATION WITH EQUINES<\/strong><\/span> : to treat ailments, and to develop our potential.<\/li><\/ul><p>For this to work properly, there must be a form of reciprocity. This is why we will also act for the well-being of our equines through several actions:<\/p><ul><li>Offer them an environment that best meets their needs: <span style=\"color: #cdbdb7;\"><strong>ACTIVE STABLE;<\/strong><\/span><\/li><li>Sensibiliser les gens sur ce dont ils ont r\u00e9ellement besoin pour \u00eatre bien : <span style=\"color: #cdbdb7;\"><strong>RIDING SCHOOL<\/strong><\/span>\u00a0<\/li><li>Teaching an equation that respects the horse more: <span style=\"color: #cdbdb7;\"><strong>RIDING SCHOOL<\/strong><\/span>\u00a0;<\/li><li>Give them all the love they need: <span style=\"color: #cdbdb7;\"><strong>PASSION.<\/strong><\/span><\/li><\/ul>\t\t\t\t\t\t\t\t<\/div>\n\t\t\t\t<\/div>\n\t\t\t\t\t<\/div>\n\t\t\t\t<\/div>\n\t\t<div class=\"elementor-element elementor-element-e90446e e-flex e-con-boxed e-con e-parent\" data-id=\"e90446e\" data-element_type=\"container\">\n\t\t\t\t\t<div class=\"e-con-inner\">\n\t\t<div class=\"elementor-element elementor-element-b183691 e-con-full e-flex e-con e-child\" data-id=\"b183691\" data-element_type=\"container\" data-settings=\"{&quot;background_background&quot;:&quot;classic&quot;}\">\n\t\t\t\t<div class=\"elementor-element elementor-element-c0af4d5 elementor-widget elementor-widget-heading\" data-id=\"c0af4d5\" data-element_type=\"widget\" data-widget_type=\"heading.default\">\n\t\t\t\t<div class=\"elementor-widget-container\">\n\t\t\t\t\t<h2 class=\"elementor-heading-title elementor-size-default\">THE RIDING SCHOOL<\/h2>\t\t\t\t<\/div>\n\t\t\t\t<\/div>\n\t\t\t\t<div class=\"elementor-element elementor-element-18167ca elementor-widget elementor-widget-text-editor\" data-id=\"18167ca\" data-element_type=\"widget\" data-widget_type=\"text-editor.default\">\n\t\t\t\t<div class=\"elementor-widget-container\">\n\t\t\t\t\t\t\t\t\t<p><strong>Our goal: <\/strong><\/p><p>Teach anyone who wants to learn horse riding, a complete sport that works on the body, mind, and emotions. Horse riding allows for the development of:<\/p><p>Sensory: contact with the horse awakens the senses of both children and adults, and helps them to listen to their sensations, to be in contact with others, with respect and kindness,<\/p><p>Motor skills: horse riding is a sport that develops motor skills, flexibility, and coordination; it helps strengthen laterality, visualization, and more generally it allows you to take ownership of your body image. It allows you to function better in your body,<\/p><p>Psychosocial: Horse riding involves interacting with another living being; the quality of the relationship is therefore as important as the technical skill. Caring for someone other than yourself helps develop autonomy. In addition, sharing moments of connection and interaction with the horse helps to nourish self-esteem and self-confidence as well as one's potential.<\/p><p>But also to teach anyone who wishes to have a Horseman's vision, to understand horses and their behavior; which inevitably involves dismounting. Groundwork will be taught through lunging and long reins, shoulder work and free work. Mounted work will also be taught through dressage, jumping, and freedom. Thanks to the conditions in which the horses and their riders will evolve, performance will be essential. Diversifying and varying the activities allows for interested and motivated equines and students. This helps break the monotony for the school horses and ponies, as well as for the students; and to teach children or adults that it can be just as interesting and fun to be next to your horse rather than on it. It is very important to open minds to another, more respectful approach to horses.<\/p>\t\t\t\t\t\t\t\t<\/div>\n\t\t\t\t<\/div>\n\t\t\t\t<\/div>\n\t\t<div class=\"elementor-element elementor-element-64d8c17 e-con-full e-flex e-con e-child\" data-id=\"64d8c17\" data-element_type=\"container\" data-settings=\"{&quot;background_background&quot;:&quot;classic&quot;}\">\n\t\t<div class=\"elementor-element elementor-element-1c19676 e-con-full e-flex e-con e-child\" data-id=\"1c19676\" data-element_type=\"container\" data-settings=\"{&quot;background_background&quot;:&quot;classic&quot;}\">\n\t\t\t\t<\/div>\n\t\t<div class=\"elementor-element elementor-element-523980c e-con-full e-flex e-con e-child\" data-id=\"523980c\" data-element_type=\"container\" data-settings=\"{&quot;background_background&quot;:&quot;classic&quot;}\">\n\t\t\t\t<\/div>\n\t\t\t\t<\/div>\n\t\t\t\t\t<\/div>\n\t\t\t\t<\/div>\n\t\t<div class=\"elementor-element elementor-element-3c1a649 e-flex e-con-boxed e-con e-parent\" data-id=\"3c1a649\" data-element_type=\"container\">\n\t\t\t\t\t<div class=\"e-con-inner\">\n\t\t<div class=\"elementor-element elementor-element-670e839 e-con-full e-flex e-con e-child\" data-id=\"670e839\" data-element_type=\"container\" data-settings=\"{&quot;background_background&quot;:&quot;classic&quot;}\">\n\t\t\t\t<div class=\"elementor-element elementor-element-2942a8e elementor-widget elementor-widget-heading\" data-id=\"2942a8e\" data-element_type=\"widget\" data-widget_type=\"heading.default\">\n\t\t\t\t<div class=\"elementor-widget-container\">\n\t\t\t\t\t<h2 class=\"elementor-heading-title elementor-size-default\">MEDIATION AVEC LES \u00c9QUID\u00c9S<\/h2>\t\t\t\t<\/div>\n\t\t\t\t<\/div>\n\t\t\t\t<div class=\"elementor-element elementor-element-aaddafc elementor-widget elementor-widget-text-editor\" data-id=\"aaddafc\" data-element_type=\"widget\" data-widget_type=\"text-editor.default\">\n\t\t\t\t<div class=\"elementor-widget-container\">\n\t\t\t\t\t\t\t\t\t<p><strong>Our goal: <\/strong><\/p><p>Provide support and assist anyone with a physical or mental disorder.<\/p><p>At some point in our lives, we may all experience ailments such as: stress, anxiety, sleep disorders, lack of confidence or self-esteem, professional burnout, etc. The horse, through mediation, will play a mediating role and will offer the patient a moment of relaxation, reconnection with oneself, acceptance of one's emotions, and will thus allow them to access a unique harmony.<\/p>\t\t\t\t\t\t\t\t<\/div>\n\t\t\t\t<\/div>\n\t\t<div class=\"elementor-element elementor-element-008934e e-grid e-con-full e-con e-child\" data-id=\"008934e\" data-element_type=\"container\">\n\t\t<div class=\"elementor-element elementor-element-ec33aeb e-con-full e-flex e-con e-child\" data-id=\"ec33aeb\" data-element_type=\"container\" data-settings=\"{&quot;background_background&quot;:&quot;classic&quot;}\">\n\t\t\t\t<div class=\"elementor-element elementor-element-aaecee8 elementor-widget elementor-widget-heading\" data-id=\"aaecee8\" data-element_type=\"widget\" data-widget_type=\"heading.default\">\n\t\t\t\t<div class=\"elementor-widget-container\">\n\t\t\t\t\t<h2 class=\"elementor-heading-title elementor-size-default\">1<\/h2>\t\t\t\t<\/div>\n\t\t\t\t<\/div>\n\t\t\t\t<div class=\"elementor-element elementor-element-071cde8 popmake-4740\t elementor-widget elementor-widget-heading\" data-id=\"071cde8\" data-element_type=\"widget\" data-widget_type=\"heading.default\">\n\t\t\t\t<div class=\"elementor-widget-container\">\n\t\t\t\t\t<h2 class=\"elementor-heading-title elementor-size-default\">Inclusion<\/h2>\t\t\t\t<\/div>\n\t\t\t\t<\/div>\n\t\t\t\t<div class=\"elementor-element elementor-element-75e6c3d elementor-align-center popmake-4740\t elementor-widget elementor-widget-button\" data-id=\"75e6c3d\" data-element_type=\"widget\" data-widget_type=\"button.default\">\n\t\t\t\t<div class=\"elementor-widget-container\">\n\t\t\t\t\t\t\t\t\t<div class=\"elementor-button-wrapper\">\n\t\t\t\t\t<a class=\"elementor-button elementor-size-sm\" role=\"button\">\n\t\t\t\t\t\t<span class=\"elementor-button-content-wrapper\">\n\t\t\t\t\t\t\t\t\t<span class=\"elementor-button-text\">Learn more<\/span>\n\t\t\t\t\t<\/span>\n\t\t\t\t\t<\/a>\n\t\t\t\t<\/div>\n\t\t\t\t\t\t\t\t<\/div>\n\t\t\t\t<\/div>\n\t\t\t\t<\/div>\n\t\t<div class=\"elementor-element elementor-element-2eb0487 e-con-full e-flex e-con e-child\" data-id=\"2eb0487\" data-element_type=\"container\" data-settings=\"{&quot;background_background&quot;:&quot;classic&quot;}\">\n\t\t\t\t<div class=\"elementor-element elementor-element-aec8a3d elementor-widget elementor-widget-heading\" data-id=\"aec8a3d\" data-element_type=\"widget\" data-widget_type=\"heading.default\">\n\t\t\t\t<div class=\"elementor-widget-container\">\n\t\t\t\t\t<h2 class=\"elementor-heading-title elementor-size-default\">2<\/h2>\t\t\t\t<\/div>\n\t\t\t\t<\/div>\n\t\t\t\t<div class=\"elementor-element elementor-element-e73682c popmake-4762 elementor-widget elementor-widget-heading\" data-id=\"e73682c\" data-element_type=\"widget\" data-widget_type=\"heading.default\">\n\t\t\t\t<div class=\"elementor-widget-container\">\n\t\t\t\t\t<h2 class=\"elementor-heading-title elementor-size-default\">Equine therapy<\/h2>\t\t\t\t<\/div>\n\t\t\t\t<\/div>\n\t\t\t\t<div class=\"elementor-element elementor-element-0dd5011 elementor-align-center popmake-4762 elementor-widget elementor-widget-button\" data-id=\"0dd5011\" data-element_type=\"widget\" data-widget_type=\"button.default\">\n\t\t\t\t<div class=\"elementor-widget-container\">\n\t\t\t\t\t\t\t\t\t<div class=\"elementor-button-wrapper\">\n\t\t\t\t\t<a class=\"elementor-button elementor-size-sm\" role=\"button\">\n\t\t\t\t\t\t<span class=\"elementor-button-content-wrapper\">\n\t\t\t\t\t\t\t\t\t<span class=\"elementor-button-text\">Learn more<\/span>\n\t\t\t\t\t<\/span>\n\t\t\t\t\t<\/a>\n\t\t\t\t<\/div>\n\t\t\t\t\t\t\t\t<\/div>\n\t\t\t\t<\/div>\n\t\t\t\t<\/div>\n\t\t<div class=\"elementor-element elementor-element-7ef2a48 e-con-full e-flex e-con e-child\" data-id=\"7ef2a48\" data-element_type=\"container\" data-settings=\"{&quot;background_background&quot;:&quot;classic&quot;}\">\n\t\t\t\t<div class=\"elementor-element elementor-element-4f76a73 elementor-widget elementor-widget-heading\" data-id=\"4f76a73\" data-element_type=\"widget\" data-widget_type=\"heading.default\">\n\t\t\t\t<div class=\"elementor-widget-container\">\n\t\t\t\t\t<h2 class=\"elementor-heading-title elementor-size-default\">3<\/h2>\t\t\t\t<\/div>\n\t\t\t\t<\/div>\n\t\t\t\t<div class=\"elementor-element elementor-element-46f5d0e popmake-4767 elementor-widget elementor-widget-heading\" data-id=\"46f5d0e\" data-element_type=\"widget\" data-widget_type=\"heading.default\">\n\t\t\t\t<div class=\"elementor-widget-container\">\n\t\t\t\t\t<h2 class=\"elementor-heading-title elementor-size-default\">Hippoth\u00e9rapie<\/h2>\t\t\t\t<\/div>\n\t\t\t\t<\/div>\n\t\t\t\t<div class=\"elementor-element elementor-element-219b485 elementor-align-center popmake-4767 elementor-widget elementor-widget-button\" data-id=\"219b485\" data-element_type=\"widget\" data-widget_type=\"button.default\">\n\t\t\t\t<div class=\"elementor-widget-container\">\n\t\t\t\t\t\t\t\t\t<div class=\"elementor-button-wrapper\">\n\t\t\t\t\t<a class=\"elementor-button elementor-size-sm\" role=\"button\">\n\t\t\t\t\t\t<span class=\"elementor-button-content-wrapper\">\n\t\t\t\t\t\t\t\t\t<span class=\"elementor-button-text\">Learn more<\/span>\n\t\t\t\t\t<\/span>\n\t\t\t\t\t<\/a>\n\t\t\t\t<\/div>\n\t\t\t\t\t\t\t\t<\/div>\n\t\t\t\t<\/div>\n\t\t\t\t<\/div>\n\t\t<div class=\"elementor-element elementor-element-6b429ef e-con-full e-flex e-con e-child\" data-id=\"6b429ef\" data-element_type=\"container\" data-settings=\"{&quot;background_background&quot;:&quot;classic&quot;}\">\n\t\t\t\t<div class=\"elementor-element elementor-element-056b40b elementor-widget elementor-widget-heading\" data-id=\"056b40b\" data-element_type=\"widget\" data-widget_type=\"heading.default\">\n\t\t\t\t<div class=\"elementor-widget-container\">\n\t\t\t\t\t<h2 class=\"elementor-heading-title elementor-size-default\">4<\/h2>\t\t\t\t<\/div>\n\t\t\t\t<\/div>\n\t\t\t\t<div class=\"elementor-element elementor-element-8fd4fbc popmake-4769\t elementor-widget elementor-widget-heading\" data-id=\"8fd4fbc\" data-element_type=\"widget\" data-widget_type=\"heading.default\">\n\t\t\t\t<div class=\"elementor-widget-container\">\n\t\t\t\t\t<h2 class=\"elementor-heading-title elementor-size-default\">Equicoaching<\/h2>\t\t\t\t<\/div>\n\t\t\t\t<\/div>\n\t\t\t\t<div class=\"elementor-element elementor-element-a2aef25 elementor-align-center popmake-4769 elementor-widget elementor-widget-button\" data-id=\"a2aef25\" data-element_type=\"widget\" data-widget_type=\"button.default\">\n\t\t\t\t<div class=\"elementor-widget-container\">\n\t\t\t\t\t\t\t\t\t<div class=\"elementor-button-wrapper\">\n\t\t\t\t\t<a class=\"elementor-button elementor-size-sm\" role=\"button\">\n\t\t\t\t\t\t<span class=\"elementor-button-content-wrapper\">\n\t\t\t\t\t\t\t\t\t<span class=\"elementor-button-text\">Learn more<\/span>\n\t\t\t\t\t<\/span>\n\t\t\t\t\t<\/a>\n\t\t\t\t<\/div>\n\t\t\t\t\t\t\t\t<\/div>\n\t\t\t\t<\/div>\n\t\t\t\t<\/div>\n\t\t\t\t<\/div>\n\t\t\t\t<\/div>\n\t\t<div class=\"elementor-element elementor-element-f98240f e-con-full e-flex e-con e-child\" data-id=\"f98240f\" data-element_type=\"container\" data-settings=\"{&quot;background_background&quot;:&quot;classic&quot;}\">\n\t\t<div class=\"elementor-element elementor-element-3a8f2d1 e-con-full e-flex e-con e-child\" data-id=\"3a8f2d1\" data-element_type=\"container\" data-settings=\"{&quot;background_background&quot;:&quot;classic&quot;}\">\n\t\t\t\t<\/div>\n\t\t<div class=\"elementor-element elementor-element-4e8d003 e-con-full e-flex e-con e-child\" data-id=\"4e8d003\" data-element_type=\"container\" id=\"zzzzu\" data-settings=\"{&quot;background_background&quot;:&quot;classic&quot;}\">\n\t\t\t\t<\/div>\n\t\t\t\t<\/div>\n\t\t\t\t\t<\/div>\n\t\t\t\t<\/div>\n\t\t\t\t<\/div>","protected":false},"excerpt":{"rendered":"<p>Les activit\u00e9s Que ce soit avec la pratique de l\u2019\u00e9quitation de loisirs ou de comp\u00e9tition, ou avec la pratique de la m\u00e9diation avec les \u00e9quid\u00e9s, le cheval s\u2019int\u00e8gre dans de nombreux parcours de vie de l\u2019humain et devient progressivement un v\u00e9ritable partenaire d\u2019accompagnement\u00a0: partenaire de soin, de reconstruction, de sant\u00e9, de mieux \u00eatre, d\u2019\u00e9panouissement et [&hellip;]<\/p>","protected":false},"author":4,"featured_media":0,"parent":0,"menu_order":0,"comment_status":"closed","ping_status":"closed","template":"elementor_header_footer","meta":{"_themeisle_gutenberg_block_has_review":false,"footnotes":""},"class_list":["post-4055","page","type-page","status-publish","hentry"],"_links":{"self":[{"href":"https:\/\/domaine-equestre-du-somaret.com\/en\/wp-json\/wp\/v2\/pages\/4055","targetHints":{"allow":["GET"]}}],"collection":[{"href":"https:\/\/domaine-equestre-du-somaret.com\/en\/wp-json\/wp\/v2\/pages"}],"about":[{"href":"https:\/\/domaine-equestre-du-somaret.com\/en\/wp-json\/wp\/v2\/types\/page"}],"author":[{"embeddable":true,"href":"https:\/\/domaine-equestre-du-somaret.com\/en\/wp-json\/wp\/v2\/users\/4"}],"replies":[{"embeddable":true,"href":"https:\/\/domaine-equestre-du-somaret.com\/en\/wp-json\/wp\/v2\/comments?post=4055"}],"version-history":[{"count":257,"href":"https:\/\/domaine-equestre-du-somaret.com\/en\/wp-json\/wp\/v2\/pages\/4055\/revisions"}],"predecessor-version":[{"id":6143,"href":"https:\/\/domaine-equestre-du-somaret.com\/en\/wp-json\/wp\/v2\/pages\/4055\/revisions\/6143"}],"wp:attachment":[{"href":"https:\/\/domaine-equestre-du-somaret.com\/en\/wp-json\/wp\/v2\/media?parent=4055"}],"curies":[{"name":"wp","href":"https:\/\/api.w.org\/{rel}","templated":true}]}}